{"id":208,"date":"2018-01-12T14:38:32","date_gmt":"2018-01-12T14:38:32","guid":{"rendered":"http:\/\/specialty.kruger.com\/news\/"},"modified":"2018-02-22T00:41:21","modified_gmt":"2018-02-22T00:41:21","slug":"nouvelles","status":"publish","type":"page","link":"https:\/\/specialty.kruger.com\/fr\/nouvelles\/","title":{"rendered":"Nouvelles"},"content":{"rendered":"<div class=\"wpb-content-wrapper\"><p>[vc_section full_width=\u00a0\u00bbstretch_row\u00a0\u00bb][vc_row][vc_column offset=\u00a0\u00bbvc_col-md-offset-2 vc_col-md-8&Prime; el_class=\u00a0\u00bbintro-bordered-box\u00a0\u00bb][vc_custom_heading text=\u00a0\u00bbNouvelles\u00a0\u00bb font_container=\u00a0\u00bbtag:h1|text_align:center\u00a0\u00bb use_theme_fonts=\u00a0\u00bbyes\u00a0\u00bb][\/vc_column][\/vc_row][vc_row][vc_column][vc_row_inner][vc_column_inner]        <div class=\"news-container\" data-current-site=\"12\" data-show-filter=\"\" data-post-type=\"-1\" data-number-posts=\"6\">\n            <h2>Nouvelles r\u00e9centes<\/h2>\n            <div class=\"news row\">\n                                                    <div class=\"news-item col-md-4 order-md-1\">\n                        <div class=\"row\">\n                            <a href=\"https:\/\/www.kruger.com\/fr\/news\/construction-parc-eolien-spdm\/\"><img decoding=\"async\" class=\"img-fluid col-12\" src=\"https:\/\/specialty.kruger.com\/wp-content\/uploads\/2026\/02\/br5c0100-8192pxh-700x470.jpg\"><\/a>\n                                                            <div class=\"col-12\">\n                                    <div class=\"news-terms-container row\">\n                                                                                    <span class=\"news-term-pill col-auto\">Communiqu\u00e9s de presse<\/span>\n                                                                                    <span class=\"news-term-pill col-auto\">\u00c9nergie<\/span>\n                                                                            <\/div>\n                                <\/div>\n                                                        <h3 class=\"col-12\"><a href=\"https:\/\/www.kruger.com\/fr\/news\/construction-parc-eolien-spdm\/\">Kruger \u00c9nergie amorce la construction du parc \u00e9olien Saint-Paul-de-Montminy<\/a>\n                            <\/h3>\n                        <\/div>\n                    <\/div>\n                                                        <div class=\"news-item col-md-4 order-md-2\">\n                        <div class=\"row\">\n                            <a href=\"https:\/\/www.kruger.com\/fr\/news\/mois-national-genie\/\"><img decoding=\"async\" class=\"img-fluid col-12\" src=\"https:\/\/specialty.kruger.com\/wp-content\/uploads\/2026\/03\/fr-1.jpg\"><\/a>\n                                                            <div class=\"col-12\">\n                                    <div class=\"news-terms-container row\">\n                                                                                    <span class=\"news-term-pill col-auto\">Communiqu\u00e9s de presse<\/span>\n                                                                                    <span class=\"news-term-pill col-auto\">Kruger Inc.<\/span>\n                                                                            <\/div>\n                                <\/div>\n                                                        <h3 class=\"col-12\"><a href=\"https:\/\/www.kruger.com\/fr\/news\/mois-national-genie\/\">Kruger souligne le Mois national du g\u00e9nie en mettant en lumi\u00e8re le r\u00f4le cl\u00e9 de l'ing\u00e9nierie dans sa transformation<\/a>\n                            <\/h3>\n                        <\/div>\n                    <\/div>\n                                                        <div class=\"news-item col-md-4 \">\n                        <div class=\"row\">\n                            <a href=\"https:\/\/www.kruger.com\/fr\/news\/meilleurs-employers-mtl-2026\/\"><img decoding=\"async\" class=\"img-fluid col-12\" src=\"https:\/\/specialty.kruger.com\/wp-content\/uploads\/2026\/03\/linkedin-highlight-fr-700x470.jpg\"><\/a>\n                                                            <div class=\"col-12\">\n                                    <div class=\"news-terms-container row\">\n                                                                                    <span class=\"news-term-pill col-auto\">Communiqu\u00e9s de presse<\/span>\n                                                                                    <span class=\"news-term-pill col-auto\">Kruger Inc.<\/span>\n                                                                            <\/div>\n                                <\/div>\n                                                        <h3 class=\"col-12\"><a href=\"https:\/\/www.kruger.com\/fr\/news\/meilleurs-employers-mtl-2026\/\">Kruger \u00e0 nouveau reconnue parmi les meilleurs employeurs de Montr\u00e9al<\/a>\n                            <\/h3>\n                        <\/div>\n                    <\/div>\n                                                        <div class=\"news-item col-md-4 \">\n                        <div class=\"row\">\n                            <a href=\"https:\/\/www.kruger.com\/fr\/news\/parc-eolien-spdm-aval-gouv\/\"><img decoding=\"async\" class=\"img-fluid col-12\" src=\"https:\/\/specialty.kruger.com\/wp-content\/uploads\/2026\/02\/br5c0100-8192pxh-700x470.jpg\"><\/a>\n                                                            <div class=\"col-12\">\n                                    <div class=\"news-terms-container row\">\n                                                                                    <span class=\"news-term-pill col-auto\">Communiqu\u00e9s de presse<\/span>\n                                                                                    <span class=\"news-term-pill col-auto\">\u00c9nergie<\/span>\n                                                                            <\/div>\n                                <\/div>\n                                                        <h3 class=\"col-12\"><a href=\"https:\/\/www.kruger.com\/fr\/news\/parc-eolien-spdm-aval-gouv\/\">Le projet de parc \u00e9olien Saint-Paul-de-Montminy obtient l\u2019aval du gouvernement<\/a>\n                            <\/h3>\n                        <\/div>\n                    <\/div>\n                                                        <div class=\"news-item col-md-4 \">\n                        <div class=\"row\">\n                            <a href=\"https:\/\/www.kruger.com\/fr\/news\/kruger-recyclage-trois-rivieres-16m\/\"><img decoding=\"async\" class=\"img-fluid col-12\" src=\"https:\/\/specialty.kruger.com\/wp-content\/uploads\/2025\/10\/kruger-recyclage-2019-618-700x470.jpg\"><\/a>\n                                                            <div class=\"col-12\">\n                                    <div class=\"news-terms-container row\">\n                                                                                    <span class=\"news-term-pill col-auto\">Communiqu\u00e9s de presse<\/span>\n                                                                                    <span class=\"news-term-pill col-auto\">Recyclage<\/span>\n                                                                            <\/div>\n                                <\/div>\n                                                        <h3 class=\"col-12\"><a href=\"https:\/\/www.kruger.com\/fr\/news\/kruger-recyclage-trois-rivieres-16m\/\">Kruger investit 16 M$ \u00e0 Trois-Rivi\u00e8res pour consolider ses activit\u00e9s de recyclage et faire de la Mauricie un p\u00f4le de l\u2019\u00e9conomie circulaire<\/a>\n                            <\/h3>\n                        <\/div>\n                    <\/div>\n                                                        <div class=\"news-item col-md-4 \">\n                        <div class=\"row\">\n                            <a href=\"https:\/\/www.kruger.com\/fr\/news\/kruger-ecovadis-or\/\"><img decoding=\"async\" class=\"img-fluid col-12\" src=\"https:\/\/specialty.kruger.com\/wp-content\/uploads\/2025\/09\/email-banner-ecovadis-4-700x470.jpg\"><\/a>\n                                                            <div class=\"col-12\">\n                                    <div class=\"news-terms-container row\">\n                                                                                    <span class=\"news-term-pill col-auto\">Communiqu\u00e9s de presse<\/span>\n                                                                                    <span class=\"news-term-pill col-auto\">Kruger Inc.<\/span>\n                                                                            <\/div>\n                                <\/div>\n                                                        <h3 class=\"col-12\"><a href=\"https:\/\/www.kruger.com\/fr\/news\/kruger-ecovadis-or\/\">Kruger obtient l\u2019or d\u2019EcoVadis et se hisse dans le top 5 % mondial<\/a>\n                            <\/h3>\n                        <\/div>\n                    <\/div>\n                                                                <\/div>\n                            <div class=\"view-more col-12 text-center\">\n                                        <button class=\"view-more-btn btn btn-outline-secondary\">Voir plus de nouvelles<\/button>\n                <\/div>\n                    <\/div>\n        [\/vc_column_inner][\/vc_row_inner][\/vc_column][\/vc_row][vc_row][vc_column width=\u00a0\u00bb1\/2&Prime; el_id=\u00a0\u00bbfollow_Twitter\u00a0\u00bb]        <div class=\"module-follow-us fuVersionBlanc wpb_content_element \">\n            <div class=\"row\">\n                <div class=\"col title-box\">\n                    <h3>Suivez-nous<\/h3>\n                <\/div>\n                                    <div class=\"col social-txt\">\n                        <a href=\"https:\/\/twitter.com\/Kruger_Inc\" target=\"_blank\"><i class=\"icon-twitter\"><\/i>@Kruger_Inc<\/a>\n                    <\/div>\n                                    <div class=\"col social-txt\">\n                        <a href=\"https:\/\/www.linkedin.com\/company\/kruger-inc-\/\" target=\"_blank\"><i class=\"icon-linkedin\"><\/i>Kruger Inc.<\/a>\n                    <\/div>\n                                    <div class=\"col social-txt\">\n                        <a href=\"https:\/\/www.facebook.com\/KrugerInc\/\" target=\"_blank\"><i class=\"icon-facebook\"><\/i>@Krugerinc<\/a>\n                    <\/div>\n                                    <div class=\"col social-txt\">\n                        <a href=\"https:\/\/www.instagram.com\/kruger_inc\/\" target=\"_blank\"><i class=\"icon-instagram\"><\/i>@Kruger_inc<\/a>\n                    <\/div>\n                            <\/div>\n        <\/div>\n        [\/vc_column][vc_column width=\u00a0\u00bb1\/2&Prime; el_id=\u00a0\u00bbfeed_twitter_box\u00a0\u00bb]        <a class=\"twitter-timeline\" href=\"https:\/\/twitter.com\/Kruger_Inc\" data-chrome=\"nofooter noborders noheader\" data-height=\"465\"><\/a>\n        <script async src=\"https:\/\/platform.twitter.com\/widgets.js\" charset=\"utf-8\"><\/script>\n        [\/vc_column][\/vc_row][\/vc_section]<\/p>\n<\/div>","protected":false},"excerpt":{"rendered":"<p>[vc_section full_width=\u00a0\u00bbstretch_row\u00a0\u00bb][vc_row][vc_column offset=\u00a0\u00bbvc_col-md-offset-2 vc_col-md-8&Prime; el_class=\u00a0\u00bbintro-bordered-box\u00a0\u00bb][vc_custom_heading text=\u00a0\u00bbNouvelles\u00a0\u00bb font_container=\u00a0\u00bbtag:h1|text_align:center\u00a0\u00bb use_theme_fonts=\u00a0\u00bbyes\u00a0\u00bb][\/vc_column][\/vc_row][vc_row][vc_column][vc_row_inner][vc_column_inner][\/vc_column_inner][\/vc_row_inner][\/vc_column][\/vc_row][vc_row][vc_column width=\u00a0\u00bb1\/2&Prime; el_id=\u00a0\u00bbfollow_Twitter\u00a0\u00bb][\/vc_column][vc_column width=\u00a0\u00bb1\/2&Prime; el_id=\u00a0\u00bbfeed_twitter_box\u00a0\u00bb][\/vc_column][\/vc_row][\/vc_section]<\/p>\n","protected":false},"author":1,"featured_media":308,"parent":0,"menu_order":16,"comment_status":"closed","ping_status":"closed","template":"","meta":{"_acf_changed":false,"footnotes":""},"class_list":["post-208","page","type-page","status-publish","has-post-thumbnail","hentry"],"acf":[],"yoast_head":"<!-- This site is optimized with the Yoast SEO plugin v27.0 - https:\/\/yoast.com\/product\/yoast-seo-wordpress\/ -->\n<title>Nouvelles - Specialty<\/title>\n<meta name=\"robots\" content=\"index, follow, max-snippet:-1, max-image-preview:large, max-video-preview:-1\" \/>\n<link rel=\"canonical\" href=\"https:\/\/specialty.kruger.com\/fr\/nouvelles\/\" \/>\n<meta property=\"og:locale\" content=\"fr_FR\" \/>\n<meta property=\"og:type\" content=\"article\" \/>\n<meta property=\"og:title\" content=\"Nouvelles - Specialty\" \/>\n<meta property=\"og:description\" content=\"[vc_section full_width=\u00a0\u00bbstretch_row\u00a0\u00bb][vc_row][vc_column offset=\u00a0\u00bbvc_col-md-offset-2 vc_col-md-8&Prime; el_class=\u00a0\u00bbintro-bordered-box\u00a0\u00bb][vc_custom_heading text=\u00a0\u00bbNouvelles\u00a0\u00bb font_container=\u00a0\u00bbtag:h1|text_align:center\u00a0\u00bb use_theme_fonts=\u00a0\u00bbyes\u00a0\u00bb][\/vc_column][\/vc_row][vc_row][vc_column][vc_row_inner][vc_column_inner][\/vc_column_inner][\/vc_row_inner][\/vc_column][\/vc_row][vc_row][vc_column width=\u00a0\u00bb1\/2&Prime; el_id=\u00a0\u00bbfollow_Twitter\u00a0\u00bb][\/vc_column][vc_column width=\u00a0\u00bb1\/2&Prime; el_id=\u00a0\u00bbfeed_twitter_box\u00a0\u00bb][\/vc_column][\/vc_row][\/vc_section]\" \/>\n<meta property=\"og:url\" content=\"https:\/\/specialty.kruger.com\/fr\/nouvelles\/\" \/>\n<meta property=\"og:site_name\" content=\"Specialty\" \/>\n<meta property=\"article:modified_time\" content=\"2018-02-22T00:41:21+00:00\" \/>\n<meta property=\"og:image\" content=\"https:\/\/specialty.kruger.com\/wp-content\/uploads\/sites\/12\/2018\/02\/gettyimages-643707544-1024x710.jpg\" \/>\n\t<meta property=\"og:image:width\" content=\"1024\" \/>\n\t<meta property=\"og:image:height\" content=\"710\" \/>\n\t<meta property=\"og:image:type\" content=\"image\/jpeg\" \/>\n<meta name=\"twitter:card\" content=\"summary_large_image\" \/>\n<script type=\"application\/ld+json\" class=\"yoast-schema-graph\">{\"@context\":\"https:\/\/schema.org\",\"@graph\":[{\"@type\":\"WebPage\",\"@id\":\"https:\/\/specialty.kruger.com\/fr\/nouvelles\/\",\"url\":\"https:\/\/specialty.kruger.com\/fr\/nouvelles\/\",\"name\":\"Nouvelles - Specialty\",\"isPartOf\":{\"@id\":\"https:\/\/specialty.kruger.com\/#website\"},\"primaryImageOfPage\":{\"@id\":\"https:\/\/specialty.kruger.com\/fr\/nouvelles\/#primaryimage\"},\"image\":{\"@id\":\"https:\/\/specialty.kruger.com\/fr\/nouvelles\/#primaryimage\"},\"thumbnailUrl\":\"https:\/\/specialty.kruger.com\/wp-content\/uploads\/sites\/12\/2018\/02\/gettyimages-643707544.jpg\",\"datePublished\":\"2018-01-12T14:38:32+00:00\",\"dateModified\":\"2018-02-22T00:41:21+00:00\",\"breadcrumb\":{\"@id\":\"https:\/\/specialty.kruger.com\/fr\/nouvelles\/#breadcrumb\"},\"inLanguage\":\"fr-FR\",\"potentialAction\":[{\"@type\":\"ReadAction\",\"target\":[\"https:\/\/specialty.kruger.com\/fr\/nouvelles\/\"]}]},{\"@type\":\"ImageObject\",\"inLanguage\":\"fr-FR\",\"@id\":\"https:\/\/specialty.kruger.com\/fr\/nouvelles\/#primaryimage\",\"url\":\"https:\/\/specialty.kruger.com\/wp-content\/uploads\/sites\/12\/2018\/02\/gettyimages-643707544.jpg\",\"contentUrl\":\"https:\/\/specialty.kruger.com\/wp-content\/uploads\/sites\/12\/2018\/02\/gettyimages-643707544.jpg\",\"width\":6028,\"height\":4181,\"caption\":\"A close-up image of a paper bag containing prescribed medical items.\"},{\"@type\":\"BreadcrumbList\",\"@id\":\"https:\/\/specialty.kruger.com\/fr\/nouvelles\/#breadcrumb\",\"itemListElement\":[{\"@type\":\"ListItem\",\"position\":1,\"name\":\"Home\",\"item\":\"https:\/\/specialty.kruger.com\/fr\/\"},{\"@type\":\"ListItem\",\"position\":2,\"name\":\"Nouvelles\"}]},{\"@type\":\"WebSite\",\"@id\":\"https:\/\/specialty.kruger.com\/#website\",\"url\":\"https:\/\/specialty.kruger.com\/\",\"name\":\"Specialty\",\"description\":\"Just another Kruger Sites site\",\"potentialAction\":[{\"@type\":\"SearchAction\",\"target\":{\"@type\":\"EntryPoint\",\"urlTemplate\":\"https:\/\/specialty.kruger.com\/?s={search_term_string}\"},\"query-input\":{\"@type\":\"PropertyValueSpecification\",\"valueRequired\":true,\"valueName\":\"search_term_string\"}}],\"inLanguage\":\"fr-FR\"}]}<\/script>\n<!-- \/ Yoast SEO plugin. -->","yoast_head_json":{"title":"Nouvelles - Specialty","robots":{"index":"index","follow":"follow","max-snippet":"max-snippet:-1","max-image-preview":"max-image-preview:large","max-video-preview":"max-video-preview:-1"},"canonical":"https:\/\/specialty.kruger.com\/fr\/nouvelles\/","og_locale":"fr_FR","og_type":"article","og_title":"Nouvelles - Specialty","og_description":"[vc_section full_width=\u00a0\u00bbstretch_row\u00a0\u00bb][vc_row][vc_column offset=\u00a0\u00bbvc_col-md-offset-2 vc_col-md-8&Prime; el_class=\u00a0\u00bbintro-bordered-box\u00a0\u00bb][vc_custom_heading text=\u00a0\u00bbNouvelles\u00a0\u00bb font_container=\u00a0\u00bbtag:h1|text_align:center\u00a0\u00bb use_theme_fonts=\u00a0\u00bbyes\u00a0\u00bb][\/vc_column][\/vc_row][vc_row][vc_column][vc_row_inner][vc_column_inner][\/vc_column_inner][\/vc_row_inner][\/vc_column][\/vc_row][vc_row][vc_column width=\u00a0\u00bb1\/2&Prime; el_id=\u00a0\u00bbfollow_Twitter\u00a0\u00bb][\/vc_column][vc_column width=\u00a0\u00bb1\/2&Prime; el_id=\u00a0\u00bbfeed_twitter_box\u00a0\u00bb][\/vc_column][\/vc_row][\/vc_section]","og_url":"https:\/\/specialty.kruger.com\/fr\/nouvelles\/","og_site_name":"Specialty","article_modified_time":"2018-02-22T00:41:21+00:00","og_image":[{"width":1024,"height":710,"url":"https:\/\/specialty.kruger.com\/wp-content\/uploads\/sites\/12\/2018\/02\/gettyimages-643707544-1024x710.jpg","type":"image\/jpeg"}],"twitter_card":"summary_large_image","schema":{"@context":"https:\/\/schema.org","@graph":[{"@type":"WebPage","@id":"https:\/\/specialty.kruger.com\/fr\/nouvelles\/","url":"https:\/\/specialty.kruger.com\/fr\/nouvelles\/","name":"Nouvelles - Specialty","isPartOf":{"@id":"https:\/\/specialty.kruger.com\/#website"},"primaryImageOfPage":{"@id":"https:\/\/specialty.kruger.com\/fr\/nouvelles\/#primaryimage"},"image":{"@id":"https:\/\/specialty.kruger.com\/fr\/nouvelles\/#primaryimage"},"thumbnailUrl":"https:\/\/specialty.kruger.com\/wp-content\/uploads\/sites\/12\/2018\/02\/gettyimages-643707544.jpg","datePublished":"2018-01-12T14:38:32+00:00","dateModified":"2018-02-22T00:41:21+00:00","breadcrumb":{"@id":"https:\/\/specialty.kruger.com\/fr\/nouvelles\/#breadcrumb"},"inLanguage":"fr-FR","potentialAction":[{"@type":"ReadAction","target":["https:\/\/specialty.kruger.com\/fr\/nouvelles\/"]}]},{"@type":"ImageObject","inLanguage":"fr-FR","@id":"https:\/\/specialty.kruger.com\/fr\/nouvelles\/#primaryimage","url":"https:\/\/specialty.kruger.com\/wp-content\/uploads\/sites\/12\/2018\/02\/gettyimages-643707544.jpg","contentUrl":"https:\/\/specialty.kruger.com\/wp-content\/uploads\/sites\/12\/2018\/02\/gettyimages-643707544.jpg","width":6028,"height":4181,"caption":"A close-up image of a paper bag containing prescribed medical items."},{"@type":"BreadcrumbList","@id":"https:\/\/specialty.kruger.com\/fr\/nouvelles\/#breadcrumb","itemListElement":[{"@type":"ListItem","position":1,"name":"Home","item":"https:\/\/specialty.kruger.com\/fr\/"},{"@type":"ListItem","position":2,"name":"Nouvelles"}]},{"@type":"WebSite","@id":"https:\/\/specialty.kruger.com\/#website","url":"https:\/\/specialty.kruger.com\/","name":"Specialty","description":"Just another Kruger Sites site","potentialAction":[{"@type":"SearchAction","target":{"@type":"EntryPoint","urlTemplate":"https:\/\/specialty.kruger.com\/?s={search_term_string}"},"query-input":{"@type":"PropertyValueSpecification","valueRequired":true,"valueName":"search_term_string"}}],"inLanguage":"fr-FR"}]}},"_links":{"self":[{"href":"https:\/\/specialty.kruger.com\/fr\/wp-json\/wp\/v2\/pages\/208","targetHints":{"allow":["GET"]}}],"collection":[{"href":"https:\/\/specialty.kruger.com\/fr\/wp-json\/wp\/v2\/pages"}],"about":[{"href":"https:\/\/specialty.kruger.com\/fr\/wp-json\/wp\/v2\/types\/page"}],"author":[{"embeddable":true,"href":"https:\/\/specialty.kruger.com\/fr\/wp-json\/wp\/v2\/users\/1"}],"replies":[{"embeddable":true,"href":"https:\/\/specialty.kruger.com\/fr\/wp-json\/wp\/v2\/comments?post=208"}],"version-history":[{"count":4,"href":"https:\/\/specialty.kruger.com\/fr\/wp-json\/wp\/v2\/pages\/208\/revisions"}],"predecessor-version":[{"id":326,"href":"https:\/\/specialty.kruger.com\/fr\/wp-json\/wp\/v2\/pages\/208\/revisions\/326"}],"wp:featuredmedia":[{"embeddable":true,"href":"https:\/\/specialty.kruger.com\/fr\/wp-json\/wp\/v2\/media\/308"}],"wp:attachment":[{"href":"https:\/\/specialty.kruger.com\/fr\/wp-json\/wp\/v2\/media?parent=208"}],"curies":[{"name":"wp","href":"https:\/\/api.w.org\/{rel}","templated":true}]}}