{"id":207,"date":"2018-01-07T19:38:05","date_gmt":"2018-01-07T19:38:05","guid":{"rendered":"http:\/\/specialty.kruger.com\/home\/"},"modified":"2023-04-17T14:50:14","modified_gmt":"2023-04-17T14:50:14","slug":"accueil","status":"publish","type":"page","link":"https:\/\/specialty.kruger.com\/fr\/","title":{"rendered":"Accueil"},"content":{"rendered":"<div class=\"wpb-content-wrapper\"><p>[vc_section full_width=\u00a0\u00bbstretch_row\u00a0\u00bb][vc_row][vc_column offset=\u00a0\u00bbvc_col-md-offset-2 vc_col-md-8&Prime; el_class=\u00a0\u00bbintro-bordered-box\u00a0\u00bb el_id=\u00a0\u00bbspecial-home\u00a0\u00bb][vc_custom_heading text=\u00a0\u00bbL\u2019excellence est notre sp\u00e9cialit\u00e9.\u00a0\u00bb font_container=\u00a0\u00bbtag:h1|text_align:center\u00a0\u00bb use_theme_fonts=\u00a0\u00bbyes\u00a0\u00bb][vc_separator color=\u00a0\u00bbcustom\u00a0\u00bb border_width=\u00a0\u00bb2&Prime; accent_color=\u00a0\u00bb#16c48c\u00a0\u00bb][vc_custom_heading text=\u00a0\u00bbEn tant qu\u2019entreprise qui innove constamment, nous sommes fiers d\u2019offrir notre toute nouvelle gamme de papiers de sp\u00e9cialit\u00e9 de haute qualit\u00e9.\u00a0\u00bb font_container=\u00a0\u00bbtag:p|text_align:center\u00a0\u00bb use_theme_fonts=\u00a0\u00bbyes\u00a0\u00bb el_class=\u00a0\u00bbborderLeadText\u00a0\u00bb][vc_separator color=\u00a0\u00bbcustom\u00a0\u00bb border_width=\u00a0\u00bb2&Prime; accent_color=\u00a0\u00bb#16c48c\u00a0\u00bb][vc_empty_space height=\u00a0\u00bb3rem\u00a0\u00bb][\/vc_column][\/vc_row][\/vc_section][vc_row][vc_column css=\u00a0\u00bb.vc_custom_1556905462522{padding-bottom: 50px !important;}\u00a0\u00bb offset=\u00a0\u00bbvc_col-md-offset-2 vc_col-md-8&Prime;][vc_column_text css=\u00a0\u00bb.vc_custom_1670516390600{margin-bottom: 0px !important;padding-bottom: 0px !important;}\u00a0\u00bb]<\/p>\n<p style=\"text-align: center;\"><a class=\"btn btn-outline-secondary\" href=\"https:\/\/www.kruger.com\/fr\/pourquoi-travailler-chez-kruger\/#fraude\" target=\"_blank\" rel=\"noopener\">M\u00e9fiez-vous des offres d&#8217;emploi frauduleuses<\/a><\/p>\n<p>[\/vc_column_text][\/vc_column][\/vc_row][vc_section full_width=\u00a0\u00bbstretch_row\u00a0\u00bb][vc_row][vc_column][vc_row_inner][vc_column_inner offset=\u00a0\u00bbvc_col-md-4&Prime;][vc_column_text]<\/p>\n<h2>\u00c0 propos de ce secteur<\/h2>\n<p>L\u2019un des grands facteurs du succ\u00e8s de Kruger est notre habilet\u00e9 \u00e0 transposer notre expertise dans une vaste gamme d\u2019industries, de secteurs et de services. Aujourd\u2019hui, nous sommes fiers d\u2019offrir les Papiers de sp\u00e9cialit\u00e9 Kruger &#8211; des produits \u00e9cologiques et novateurs, comprenant notamment les gammes SCK, Kraft blanchi et C1S.<\/p>\n<p><a class=\"btn btn-outline-primary\" href=\"https:\/\/specialty.kruger.com\/fr\/a-propos\/\">En savoir plus<\/a>[\/vc_column_text][\/vc_column_inner][vc_column_inner offset=\u00a0\u00bbvc_col-md-4&Prime;][vc_column_text]<\/p>\n<h2>Empreinte environnementale<\/h2>\n<p>Maintenir la longue tradition de Kruger en mati\u00e8re de pratiques responsables et de respect des principes de d\u00e9veloppement durable est au c\u0153ur de tout ce que nous faisons.<\/p>\n<p><a class=\"btn btn-outline-primary\" href=\"https:\/\/specialty.kruger.com\/fr\/empreinte-environnementale\/\">Apprenez-en plus <\/a>[\/vc_column_text][\/vc_column_inner][vc_column_inner offset=\u00a0\u00bbvc_col-md-4&Prime;][vc_column_text]<\/p>\n<h2>Nous joindre<\/h2>\n<p>Des questions? Nous sommes toujours l\u00e0 pour vous aider.<\/p>\n<p><a class=\"btn btn-outline-primary\" href=\"https:\/\/specialty.kruger.com\/fr\/nous-joindre\/\">Nous joindre<\/a>[\/vc_column_text][\/vc_column_inner][\/vc_row_inner][\/vc_column][\/vc_row][\/vc_section][vc_section full_width=\u00a0\u00bbstretch_row\u00a0\u00bb css=\u00a0\u00bb.vc_custom_1513021931500{background-color: #ffffff !important;}\u00a0\u00bb][vc_row][vc_column][vc_row_inner][vc_column_inner offset=\u00a0\u00bbvc_col-lg-offset-2 vc_col-lg-8&Prime;][vc_custom_heading text=\u00a0\u00bbCe que nous produisons\u00a0\u00bb font_container=\u00a0\u00bbtag:h1|text_align:center\u00a0\u00bb use_theme_fonts=\u00a0\u00bbyes\u00a0\u00bb css=\u00a0\u00bb.vc_custom_1518036595734{margin-bottom: 0px !important;padding-bottom: 0px !important;}\u00a0\u00bb][vc_column_text]Nous sommes fiers d\u2019offrir une nouvelle gamme de produits de sp\u00e9cialit\u00e9 qui comprend des papiers pour emballages \u00e9cologiques, notamment pour le secteur alimentaire, ainsi que des produits d\u2019\u00e9tiquetage (papier support).[\/vc_column_text][\/vc_column_inner][\/vc_row_inner]        <div class=\"products \">\n                        <div class=\"products-container\" data-number-posts=\"6\">\n                                <div class=\"products-list row\">\n                                                <div class=\"product col-md-6 col-lg-4\">\n                                <div class=\"product-content matchHeight\" data-mh=\"products-match\">\n                                                                                                                <img decoding=\"async\" class=\"img-fluid\" src=\"https:\/\/specialty.kruger.com\/wp-content\/uploads\/sites\/12\/2021\/03\/vignette_krukraft_bleached_700x470-700x470.jpg\"\/>\n                                        \n                                    <div class=\"product-info\">\n                                        <h3 class=\"col-12\">KruKraft Blanchi<\/h3>\n                                                                                                                    <\/div>\n                                <\/div>\n                            <\/div>\n                                                    <div class=\"product col-md-6 col-lg-4\">\n                                <div class=\"product-content matchHeight\" data-mh=\"products-match\">\n                                                                                                                <img decoding=\"async\" class=\"img-fluid\" src=\"https:\/\/specialty.kruger.com\/wp-content\/uploads\/sites\/12\/2018\/01\/krurelease-2021.jpg\"\/>\n                                        \n                                    <div class=\"product-info\">\n                                        <h3 class=\"col-12\">KruReleasePlus<\/h3>\n                                                                                                                    <\/div>\n                                <\/div>\n                            <\/div>\n                                                    <div class=\"product col-md-6 col-lg-4\">\n                                <div class=\"product-content matchHeight\" data-mh=\"products-match\">\n                                                                                                                <img decoding=\"async\" class=\"img-fluid\" src=\"https:\/\/specialty.kruger.com\/wp-content\/uploads\/sites\/12\/2021\/03\/vignette_krucs1_flex_700x470-700x470.jpg\"\/>\n                                        \n                                    <div class=\"product-info\">\n                                        <h3 class=\"col-12\">KruC1S FLEX<\/h3>\n                                                                                                                    <\/div>\n                                <\/div>\n                            <\/div>\n                                                    <div class=\"product col-md-6 col-lg-4\">\n                                <div class=\"product-content matchHeight\" data-mh=\"products-match\">\n                                                                                                                <img decoding=\"async\" class=\"img-fluid\" src=\"https:\/\/specialty.kruger.com\/wp-content\/uploads\/sites\/12\/2021\/03\/vignette_krucs1_label_700x470-700x470.jpg\"\/>\n                                        \n                                    <div class=\"product-info\">\n                                        <h3 class=\"col-12\">KruC1S \u00c9TIQUETTES<\/h3>\n                                                                                                                    <\/div>\n                                <\/div>\n                            <\/div>\n                                        <\/div>\n                            <\/div>\n        <\/div>\n        [vc_column_text]<\/p>\n<p style=\"text-align: center;\"><a class=\"btn btn-outline-primary\" href=\"https:\/\/specialty.kruger.com\/fr\/produits\/\">D\u00e9couvrez nos produits<\/a><\/p>\n<p>[\/vc_column_text][\/vc_column][\/vc_row][\/vc_section]<\/p>\n<\/div>","protected":false},"excerpt":{"rendered":"<p>[vc_section full_width=\u00a0\u00bbstretch_row\u00a0\u00bb][vc_row][vc_column offset=\u00a0\u00bbvc_col-md-offset-2 vc_col-md-8&Prime; el_class=\u00a0\u00bbintro-bordered-box\u00a0\u00bb el_id=\u00a0\u00bbspecial-home\u00a0\u00bb][vc_custom_heading text=\u00a0\u00bbL\u2019excellence est notre sp\u00e9cialit\u00e9.\u00a0\u00bb font_container=\u00a0\u00bbtag:h1|text_align:center\u00a0\u00bb use_theme_fonts=\u00a0\u00bbyes\u00a0\u00bb][vc_separator color=\u00a0\u00bbcustom\u00a0\u00bb border_width=\u00a0\u00bb2&Prime; accent_color=\u00a0\u00bb#16c48c\u00a0\u00bb][vc_custom_heading text=\u00a0\u00bbEn tant qu\u2019entreprise qui innove constamment, nous sommes fiers d\u2019offrir notre toute nouvelle gamme de papiers de sp\u00e9cialit\u00e9 de haute qualit\u00e9.\u00a0\u00bb font_container=\u00a0\u00bbtag:p|text_align:center\u00a0\u00bb use_theme_fonts=\u00a0\u00bbyes\u00a0\u00bb el_class=\u00a0\u00bbborderLeadText\u00a0\u00bb][vc_separator color=\u00a0\u00bbcustom\u00a0\u00bb border_width=\u00a0\u00bb2&Prime; accent_color=\u00a0\u00bb#16c48c\u00a0\u00bb][vc_empty_space height=\u00a0\u00bb3rem\u00a0\u00bb][\/vc_column][\/vc_row][\/vc_section][vc_row][vc_column css=\u00a0\u00bb.vc_custom_1556905462522{padding-bottom: 50px !important;}\u00a0\u00bb offset=\u00a0\u00bbvc_col-md-offset-2 vc_col-md-8&Prime;][vc_column_text css=\u00a0\u00bb.vc_custom_1670516390600{margin-bottom: 0px !important;padding-bottom: 0px !important;}\u00a0\u00bb] M\u00e9fiez-vous des [&hellip;]<\/p>\n","protected":false},"author":1,"featured_media":0,"parent":0,"menu_order":13,"comment_status":"closed","ping_status":"closed","template":"page-templates\/template-accueil-subsite.php","meta":{"_acf_changed":false,"footnotes":""},"class_list":["post-207","page","type-page","status-publish","hentry"],"acf":[],"yoast_head":"<!-- This site is optimized with the Yoast SEO plugin v27.0 - https:\/\/yoast.com\/product\/yoast-seo-wordpress\/ -->\n<title>Papiers de sp\u00e9cialit\u00e9 - Kruger Inc.<\/title>\n<meta name=\"description\" content=\"En tant qu\u2019entreprise qui innove constamment, nous sommes fiers d\u2019offrir notre toute nouvelle gamme de papiers de sp\u00e9cialit\u00e9 de haute qualit\u00e9.\" \/>\n<meta name=\"robots\" content=\"index, follow, max-snippet:-1, max-image-preview:large, max-video-preview:-1\" \/>\n<link rel=\"canonical\" href=\"https:\/\/specialty.kruger.com\/fr\/\" \/>\n<meta property=\"og:locale\" content=\"fr_FR\" \/>\n<meta property=\"og:type\" content=\"article\" \/>\n<meta property=\"og:title\" content=\"Papiers de sp\u00e9cialit\u00e9 - Kruger Inc.\" \/>\n<meta property=\"og:description\" content=\"En tant qu\u2019entreprise qui innove constamment, nous sommes fiers d\u2019offrir notre toute nouvelle gamme de papiers de sp\u00e9cialit\u00e9 de haute qualit\u00e9.\" \/>\n<meta property=\"og:url\" content=\"https:\/\/specialty.kruger.com\/fr\/\" \/>\n<meta property=\"og:site_name\" content=\"Specialty\" \/>\n<meta property=\"article:modified_time\" content=\"2023-04-17T14:50:14+00:00\" \/>\n<meta name=\"twitter:card\" content=\"summary_large_image\" \/>\n<meta name=\"twitter:label1\" content=\"Dur\u00e9e de lecture estim\u00e9e\" \/>\n\t<meta name=\"twitter:data1\" content=\"1 minute\" \/>\n<script type=\"application\/ld+json\" class=\"yoast-schema-graph\">{\"@context\":\"https:\/\/schema.org\",\"@graph\":[{\"@type\":\"WebPage\",\"@id\":\"https:\/\/specialty.kruger.com\/fr\/\",\"url\":\"https:\/\/specialty.kruger.com\/fr\/\",\"name\":\"Papiers de sp\u00e9cialit\u00e9 - Kruger Inc.\",\"isPartOf\":{\"@id\":\"https:\/\/specialty.kruger.com\/#website\"},\"datePublished\":\"2018-01-07T19:38:05+00:00\",\"dateModified\":\"2023-04-17T14:50:14+00:00\",\"description\":\"En tant qu\u2019entreprise qui innove constamment, nous sommes fiers d\u2019offrir notre toute nouvelle gamme de papiers de sp\u00e9cialit\u00e9 de haute qualit\u00e9.\",\"breadcrumb\":{\"@id\":\"https:\/\/specialty.kruger.com\/fr\/#breadcrumb\"},\"inLanguage\":\"fr-FR\",\"potentialAction\":[{\"@type\":\"ReadAction\",\"target\":[\"https:\/\/specialty.kruger.com\/fr\/\"]}]},{\"@type\":\"BreadcrumbList\",\"@id\":\"https:\/\/specialty.kruger.com\/fr\/#breadcrumb\",\"itemListElement\":[{\"@type\":\"ListItem\",\"position\":1,\"name\":\"Home\",\"item\":\"https:\/\/specialty.kruger.com\/fr\/\"},{\"@type\":\"ListItem\",\"position\":2,\"name\":\"Accueil\"}]},{\"@type\":\"WebSite\",\"@id\":\"https:\/\/specialty.kruger.com\/#website\",\"url\":\"https:\/\/specialty.kruger.com\/\",\"name\":\"Specialty\",\"description\":\"Just another Kruger Sites site\",\"potentialAction\":[{\"@type\":\"SearchAction\",\"target\":{\"@type\":\"EntryPoint\",\"urlTemplate\":\"https:\/\/specialty.kruger.com\/?s={search_term_string}\"},\"query-input\":{\"@type\":\"PropertyValueSpecification\",\"valueRequired\":true,\"valueName\":\"search_term_string\"}}],\"inLanguage\":\"fr-FR\"}]}<\/script>\n<!-- \/ Yoast SEO plugin. -->","yoast_head_json":{"title":"Papiers de sp\u00e9cialit\u00e9 - Kruger Inc.","description":"En tant qu\u2019entreprise qui innove constamment, nous sommes fiers d\u2019offrir notre toute nouvelle gamme de papiers de sp\u00e9cialit\u00e9 de haute qualit\u00e9.","robots":{"index":"index","follow":"follow","max-snippet":"max-snippet:-1","max-image-preview":"max-image-preview:large","max-video-preview":"max-video-preview:-1"},"canonical":"https:\/\/specialty.kruger.com\/fr\/","og_locale":"fr_FR","og_type":"article","og_title":"Papiers de sp\u00e9cialit\u00e9 - Kruger Inc.","og_description":"En tant qu\u2019entreprise qui innove constamment, nous sommes fiers d\u2019offrir notre toute nouvelle gamme de papiers de sp\u00e9cialit\u00e9 de haute qualit\u00e9.","og_url":"https:\/\/specialty.kruger.com\/fr\/","og_site_name":"Specialty","article_modified_time":"2023-04-17T14:50:14+00:00","twitter_card":"summary_large_image","twitter_misc":{"Dur\u00e9e de lecture estim\u00e9e":"1 minute"},"schema":{"@context":"https:\/\/schema.org","@graph":[{"@type":"WebPage","@id":"https:\/\/specialty.kruger.com\/fr\/","url":"https:\/\/specialty.kruger.com\/fr\/","name":"Papiers de sp\u00e9cialit\u00e9 - Kruger Inc.","isPartOf":{"@id":"https:\/\/specialty.kruger.com\/#website"},"datePublished":"2018-01-07T19:38:05+00:00","dateModified":"2023-04-17T14:50:14+00:00","description":"En tant qu\u2019entreprise qui innove constamment, nous sommes fiers d\u2019offrir notre toute nouvelle gamme de papiers de sp\u00e9cialit\u00e9 de haute qualit\u00e9.","breadcrumb":{"@id":"https:\/\/specialty.kruger.com\/fr\/#breadcrumb"},"inLanguage":"fr-FR","potentialAction":[{"@type":"ReadAction","target":["https:\/\/specialty.kruger.com\/fr\/"]}]},{"@type":"BreadcrumbList","@id":"https:\/\/specialty.kruger.com\/fr\/#breadcrumb","itemListElement":[{"@type":"ListItem","position":1,"name":"Home","item":"https:\/\/specialty.kruger.com\/fr\/"},{"@type":"ListItem","position":2,"name":"Accueil"}]},{"@type":"WebSite","@id":"https:\/\/specialty.kruger.com\/#website","url":"https:\/\/specialty.kruger.com\/","name":"Specialty","description":"Just another Kruger Sites site","potentialAction":[{"@type":"SearchAction","target":{"@type":"EntryPoint","urlTemplate":"https:\/\/specialty.kruger.com\/?s={search_term_string}"},"query-input":{"@type":"PropertyValueSpecification","valueRequired":true,"valueName":"search_term_string"}}],"inLanguage":"fr-FR"}]}},"_links":{"self":[{"href":"https:\/\/specialty.kruger.com\/fr\/wp-json\/wp\/v2\/pages\/207","targetHints":{"allow":["GET"]}}],"collection":[{"href":"https:\/\/specialty.kruger.com\/fr\/wp-json\/wp\/v2\/pages"}],"about":[{"href":"https:\/\/specialty.kruger.com\/fr\/wp-json\/wp\/v2\/types\/page"}],"author":[{"embeddable":true,"href":"https:\/\/specialty.kruger.com\/fr\/wp-json\/wp\/v2\/users\/1"}],"replies":[{"embeddable":true,"href":"https:\/\/specialty.kruger.com\/fr\/wp-json\/wp\/v2\/comments?post=207"}],"version-history":[{"count":12,"href":"https:\/\/specialty.kruger.com\/fr\/wp-json\/wp\/v2\/pages\/207\/revisions"}],"predecessor-version":[{"id":629,"href":"https:\/\/specialty.kruger.com\/fr\/wp-json\/wp\/v2\/pages\/207\/revisions\/629"}],"wp:attachment":[{"href":"https:\/\/specialty.kruger.com\/fr\/wp-json\/wp\/v2\/media?parent=207"}],"curies":[{"name":"wp","href":"https:\/\/api.w.org\/{rel}","templated":true}]}}