{"id":205,"date":"2018-01-12T14:31:54","date_gmt":"2018-01-12T14:31:54","guid":{"rendered":"http:\/\/specialty.kruger.com\/about-us\/"},"modified":"2018-06-26T17:46:05","modified_gmt":"2018-06-26T17:46:05","slug":"a-propos","status":"publish","type":"page","link":"https:\/\/specialty.kruger.com\/fr\/a-propos\/","title":{"rendered":"\u00c0 propos"},"content":{"rendered":"<div class=\"wpb-content-wrapper\"><p>[vc_section full_width=\u00a0\u00bbstretch_row\u00a0\u00bb][vc_row][vc_column offset=\u00a0\u00bbvc_col-md-offset-2 vc_col-md-8&Prime; el_class=\u00a0\u00bbintro-bordered-box\u00a0\u00bb][vc_custom_heading text=\u00a0\u00bb\u00c0 propos de Kruger Papiers de sp\u00e9cialit\u00e9\u00a0\u00bb font_container=\u00a0\u00bbtag:h1|text_align:center\u00a0\u00bb use_theme_fonts=\u00a0\u00bbyes\u00a0\u00bb][vc_separator color=\u00a0\u00bbcustom\u00a0\u00bb border_width=\u00a0\u00bb2&Prime; accent_color=\u00a0\u00bb#16c48c\u00a0\u00bb][vc_custom_heading text=\u00a0\u00bbDans un march\u00e9 en perp\u00e9tuel changement, Kruger a une longueur d&rsquo;avance pour se d\u00e9marquer dans les Papiers de sp\u00e9cialit\u00e9 gr\u00e2ce \u00e0 son expertise in\u00e9gal\u00e9e en fabrication et plusieurs d\u00e9cennies d\u2019innovations \u00e0 son actif. Par ailleurs, chacun de nos produits est appuy\u00e9 par un degr\u00e9 de confiance que seule une entreprise en affaires depuis plus d\u2019un si\u00e8cle peut offrir sur le plan de l\u2019exp\u00e9rience et de la continuit\u00e9.\u00a0\u00bb font_container=\u00a0\u00bbtag:p|text_align:center\u00a0\u00bb use_theme_fonts=\u00a0\u00bbyes\u00a0\u00bb el_class=\u00a0\u00bbborderLeadText\u00a0\u00bb][vc_separator color=\u00a0\u00bbcustom\u00a0\u00bb border_width=\u00a0\u00bb2&Prime; accent_color=\u00a0\u00bb#16c48c\u00a0\u00bb][vc_single_image image=\u00a0\u00bb110&Prime; img_size=\u00a0\u00bbfull\u00a0\u00bb alignment=\u00a0\u00bbcenter\u00a0\u00bb][\/vc_column][\/vc_row][\/vc_section][vc_row][vc_column][\/vc_column][\/vc_row]<\/p>\n<\/div>","protected":false},"excerpt":{"rendered":"<p>[vc_section full_width=\u00a0\u00bbstretch_row\u00a0\u00bb][vc_row][vc_column offset=\u00a0\u00bbvc_col-md-offset-2 vc_col-md-8&Prime; el_class=\u00a0\u00bbintro-bordered-box\u00a0\u00bb][vc_custom_heading text=\u00a0\u00bb\u00c0 propos de Kruger Papiers de sp\u00e9cialit\u00e9\u00a0\u00bb font_container=\u00a0\u00bbtag:h1|text_align:center\u00a0\u00bb use_theme_fonts=\u00a0\u00bbyes\u00a0\u00bb][vc_separator color=\u00a0\u00bbcustom\u00a0\u00bb border_width=\u00a0\u00bb2&Prime; accent_color=\u00a0\u00bb#16c48c\u00a0\u00bb][vc_custom_heading text=\u00a0\u00bbDans un march\u00e9 en perp\u00e9tuel changement, Kruger a une longueur d&rsquo;avance pour se d\u00e9marquer dans les Papiers de sp\u00e9cialit\u00e9 gr\u00e2ce \u00e0 son expertise in\u00e9gal\u00e9e en fabrication et plusieurs d\u00e9cennies d\u2019innovations \u00e0 son actif. Par ailleurs, chacun de nos [&hellip;]<\/p>\n","protected":false},"author":1,"featured_media":310,"parent":0,"menu_order":8,"comment_status":"closed","ping_status":"closed","template":"","meta":{"_acf_changed":false,"footnotes":""},"class_list":["post-205","page","type-page","status-publish","has-post-thumbnail","hentry"],"acf":[],"yoast_head":"<!-- This site is optimized with the Yoast SEO plugin v27.0 - https:\/\/yoast.com\/product\/yoast-seo-wordpress\/ -->\n<title>Papiers de sp\u00e9cialit\u00e9 - \u00c0 propos - Kruger Inc.<\/title>\n<meta name=\"description\" content=\"En tant qu\u2019entreprise qui innove constamment, nous sommes fiers d\u2019offrir notre toute nouvelle gamme de papiers de sp\u00e9cialit\u00e9 de haute qualit\u00e9.\" \/>\n<meta name=\"robots\" content=\"index, follow, max-snippet:-1, max-image-preview:large, max-video-preview:-1\" \/>\n<link rel=\"canonical\" href=\"https:\/\/specialty.kruger.com\/fr\/a-propos\/\" \/>\n<meta property=\"og:locale\" content=\"fr_FR\" \/>\n<meta property=\"og:type\" content=\"article\" \/>\n<meta property=\"og:title\" content=\"Papiers de sp\u00e9cialit\u00e9 - \u00c0 propos - Kruger Inc.\" \/>\n<meta property=\"og:description\" content=\"En tant qu\u2019entreprise qui innove constamment, nous sommes fiers d\u2019offrir notre toute nouvelle gamme de papiers de sp\u00e9cialit\u00e9 de haute qualit\u00e9.\" \/>\n<meta property=\"og:url\" content=\"https:\/\/specialty.kruger.com\/fr\/a-propos\/\" \/>\n<meta property=\"og:site_name\" content=\"Specialty\" \/>\n<meta property=\"article:modified_time\" content=\"2018-06-26T17:46:05+00:00\" \/>\n<meta property=\"og:image\" content=\"https:\/\/specialty.kruger.com\/wp-content\/uploads\/sites\/12\/2018\/02\/gettyimages-183801094-1024x700.jpg\" \/>\n\t<meta property=\"og:image:width\" content=\"1024\" \/>\n\t<meta property=\"og:image:height\" content=\"700\" \/>\n\t<meta property=\"og:image:type\" content=\"image\/jpeg\" \/>\n<meta name=\"twitter:card\" content=\"summary_large_image\" \/>\n<meta name=\"twitter:label1\" content=\"Dur\u00e9e de lecture estim\u00e9e\" \/>\n\t<meta name=\"twitter:data1\" content=\"1 minute\" \/>\n<script type=\"application\/ld+json\" class=\"yoast-schema-graph\">{\"@context\":\"https:\/\/schema.org\",\"@graph\":[{\"@type\":\"WebPage\",\"@id\":\"https:\/\/specialty.kruger.com\/fr\/a-propos\/\",\"url\":\"https:\/\/specialty.kruger.com\/fr\/a-propos\/\",\"name\":\"Papiers de sp\u00e9cialit\u00e9 - \u00c0 propos - Kruger Inc.\",\"isPartOf\":{\"@id\":\"https:\/\/specialty.kruger.com\/#website\"},\"primaryImageOfPage\":{\"@id\":\"https:\/\/specialty.kruger.com\/fr\/a-propos\/#primaryimage\"},\"image\":{\"@id\":\"https:\/\/specialty.kruger.com\/fr\/a-propos\/#primaryimage\"},\"thumbnailUrl\":\"https:\/\/specialty.kruger.com\/wp-content\/uploads\/sites\/12\/2018\/02\/gettyimages-183801094.jpg\",\"datePublished\":\"2018-01-12T14:31:54+00:00\",\"dateModified\":\"2018-06-26T17:46:05+00:00\",\"description\":\"En tant qu\u2019entreprise qui innove constamment, nous sommes fiers d\u2019offrir notre toute nouvelle gamme de papiers de sp\u00e9cialit\u00e9 de haute qualit\u00e9.\",\"breadcrumb\":{\"@id\":\"https:\/\/specialty.kruger.com\/fr\/a-propos\/#breadcrumb\"},\"inLanguage\":\"fr-FR\",\"potentialAction\":[{\"@type\":\"ReadAction\",\"target\":[\"https:\/\/specialty.kruger.com\/fr\/a-propos\/\"]}]},{\"@type\":\"ImageObject\",\"inLanguage\":\"fr-FR\",\"@id\":\"https:\/\/specialty.kruger.com\/fr\/a-propos\/#primaryimage\",\"url\":\"https:\/\/specialty.kruger.com\/wp-content\/uploads\/sites\/12\/2018\/02\/gettyimages-183801094.jpg\",\"contentUrl\":\"https:\/\/specialty.kruger.com\/wp-content\/uploads\/sites\/12\/2018\/02\/gettyimages-183801094.jpg\",\"width\":4000,\"height\":2735,\"caption\":\"A chiller loaded with freshly made sandwiches...For more images from this series click on the banner below...\"},{\"@type\":\"BreadcrumbList\",\"@id\":\"https:\/\/specialty.kruger.com\/fr\/a-propos\/#breadcrumb\",\"itemListElement\":[{\"@type\":\"ListItem\",\"position\":1,\"name\":\"Home\",\"item\":\"https:\/\/specialty.kruger.com\/fr\/\"},{\"@type\":\"ListItem\",\"position\":2,\"name\":\"\u00c0 propos\"}]},{\"@type\":\"WebSite\",\"@id\":\"https:\/\/specialty.kruger.com\/#website\",\"url\":\"https:\/\/specialty.kruger.com\/\",\"name\":\"Specialty\",\"description\":\"Just another Kruger Sites site\",\"potentialAction\":[{\"@type\":\"SearchAction\",\"target\":{\"@type\":\"EntryPoint\",\"urlTemplate\":\"https:\/\/specialty.kruger.com\/?s={search_term_string}\"},\"query-input\":{\"@type\":\"PropertyValueSpecification\",\"valueRequired\":true,\"valueName\":\"search_term_string\"}}],\"inLanguage\":\"fr-FR\"}]}<\/script>\n<!-- \/ Yoast SEO plugin. -->","yoast_head_json":{"title":"Papiers de sp\u00e9cialit\u00e9 - \u00c0 propos - Kruger Inc.","description":"En tant qu\u2019entreprise qui innove constamment, nous sommes fiers d\u2019offrir notre toute nouvelle gamme de papiers de sp\u00e9cialit\u00e9 de haute qualit\u00e9.","robots":{"index":"index","follow":"follow","max-snippet":"max-snippet:-1","max-image-preview":"max-image-preview:large","max-video-preview":"max-video-preview:-1"},"canonical":"https:\/\/specialty.kruger.com\/fr\/a-propos\/","og_locale":"fr_FR","og_type":"article","og_title":"Papiers de sp\u00e9cialit\u00e9 - \u00c0 propos - Kruger Inc.","og_description":"En tant qu\u2019entreprise qui innove constamment, nous sommes fiers d\u2019offrir notre toute nouvelle gamme de papiers de sp\u00e9cialit\u00e9 de haute qualit\u00e9.","og_url":"https:\/\/specialty.kruger.com\/fr\/a-propos\/","og_site_name":"Specialty","article_modified_time":"2018-06-26T17:46:05+00:00","og_image":[{"width":1024,"height":700,"url":"https:\/\/specialty.kruger.com\/wp-content\/uploads\/sites\/12\/2018\/02\/gettyimages-183801094-1024x700.jpg","type":"image\/jpeg"}],"twitter_card":"summary_large_image","twitter_misc":{"Dur\u00e9e de lecture estim\u00e9e":"1 minute"},"schema":{"@context":"https:\/\/schema.org","@graph":[{"@type":"WebPage","@id":"https:\/\/specialty.kruger.com\/fr\/a-propos\/","url":"https:\/\/specialty.kruger.com\/fr\/a-propos\/","name":"Papiers de sp\u00e9cialit\u00e9 - \u00c0 propos - Kruger Inc.","isPartOf":{"@id":"https:\/\/specialty.kruger.com\/#website"},"primaryImageOfPage":{"@id":"https:\/\/specialty.kruger.com\/fr\/a-propos\/#primaryimage"},"image":{"@id":"https:\/\/specialty.kruger.com\/fr\/a-propos\/#primaryimage"},"thumbnailUrl":"https:\/\/specialty.kruger.com\/wp-content\/uploads\/sites\/12\/2018\/02\/gettyimages-183801094.jpg","datePublished":"2018-01-12T14:31:54+00:00","dateModified":"2018-06-26T17:46:05+00:00","description":"En tant qu\u2019entreprise qui innove constamment, nous sommes fiers d\u2019offrir notre toute nouvelle gamme de papiers de sp\u00e9cialit\u00e9 de haute qualit\u00e9.","breadcrumb":{"@id":"https:\/\/specialty.kruger.com\/fr\/a-propos\/#breadcrumb"},"inLanguage":"fr-FR","potentialAction":[{"@type":"ReadAction","target":["https:\/\/specialty.kruger.com\/fr\/a-propos\/"]}]},{"@type":"ImageObject","inLanguage":"fr-FR","@id":"https:\/\/specialty.kruger.com\/fr\/a-propos\/#primaryimage","url":"https:\/\/specialty.kruger.com\/wp-content\/uploads\/sites\/12\/2018\/02\/gettyimages-183801094.jpg","contentUrl":"https:\/\/specialty.kruger.com\/wp-content\/uploads\/sites\/12\/2018\/02\/gettyimages-183801094.jpg","width":4000,"height":2735,"caption":"A chiller loaded with freshly made sandwiches...For more images from this series click on the banner below..."},{"@type":"BreadcrumbList","@id":"https:\/\/specialty.kruger.com\/fr\/a-propos\/#breadcrumb","itemListElement":[{"@type":"ListItem","position":1,"name":"Home","item":"https:\/\/specialty.kruger.com\/fr\/"},{"@type":"ListItem","position":2,"name":"\u00c0 propos"}]},{"@type":"WebSite","@id":"https:\/\/specialty.kruger.com\/#website","url":"https:\/\/specialty.kruger.com\/","name":"Specialty","description":"Just another Kruger Sites site","potentialAction":[{"@type":"SearchAction","target":{"@type":"EntryPoint","urlTemplate":"https:\/\/specialty.kruger.com\/?s={search_term_string}"},"query-input":{"@type":"PropertyValueSpecification","valueRequired":true,"valueName":"search_term_string"}}],"inLanguage":"fr-FR"}]}},"_links":{"self":[{"href":"https:\/\/specialty.kruger.com\/fr\/wp-json\/wp\/v2\/pages\/205","targetHints":{"allow":["GET"]}}],"collection":[{"href":"https:\/\/specialty.kruger.com\/fr\/wp-json\/wp\/v2\/pages"}],"about":[{"href":"https:\/\/specialty.kruger.com\/fr\/wp-json\/wp\/v2\/types\/page"}],"author":[{"embeddable":true,"href":"https:\/\/specialty.kruger.com\/fr\/wp-json\/wp\/v2\/users\/1"}],"replies":[{"embeddable":true,"href":"https:\/\/specialty.kruger.com\/fr\/wp-json\/wp\/v2\/comments?post=205"}],"version-history":[{"count":9,"href":"https:\/\/specialty.kruger.com\/fr\/wp-json\/wp\/v2\/pages\/205\/revisions"}],"predecessor-version":[{"id":346,"href":"https:\/\/specialty.kruger.com\/fr\/wp-json\/wp\/v2\/pages\/205\/revisions\/346"}],"wp:featuredmedia":[{"embeddable":true,"href":"https:\/\/specialty.kruger.com\/fr\/wp-json\/wp\/v2\/media\/310"}],"wp:attachment":[{"href":"https:\/\/specialty.kruger.com\/fr\/wp-json\/wp\/v2\/media?parent=205"}],"curies":[{"name":"wp","href":"https:\/\/api.w.org\/{rel}","templated":true}]}}